{"id":32,"date":"2011-12-16T17:32:11","date_gmt":"2011-12-16T16:32:11","guid":{"rendered":"http:\/\/wordpress.erlanger.de\/?page_id=32"},"modified":"2012-11-03T18:32:05","modified_gmt":"2012-11-03T17:32:05","slug":"veranstaltungen","status":"publish","type":"page","link":"https:\/\/www.erlanger.de\/?page_id=32","title":{"rendered":"Veranstaltungen"},"content":{"rendered":"<p><code><h2>Unser Veranstaltungskalender <br> Wo Erlanger feiern:<\/h2><em>keine Veranstaltungen<\/em><\/code><\/p>\n<p>&nbsp;<\/p>\n<hr \/>\n<p><a href=\"http:\/\/wordpress.erlanger.de\/?attachment_id=330\" rel=\"attachment wp-att-330\"><img loading=\"lazy\" decoding=\"async\" class=\"alignleft  wp-image-330\" title=\"logo_entl\" src=\"http:\/\/wordpress.erlanger.de\/wp-content\/uploads\/2011\/12\/logo_entl.gif\" alt=\"\" width=\"262\" height=\"124\" \/><\/a><br \/>\nEs ist gerade Sonntag Morgen und Sie haben noch nichts Konkretes vor. Dann los auf den Berg zum Entla`s Keller. Bis Ende September macht der Fritz Engelhardt\u00a0 jeweils um 11 Uhr seine ber\u00fchmten F\u00fchrungen durch den Erlanger Bierberg, also in den Entla`s und danach in den gigantischen Henninger Keller. Und anschlie\u00dfend warten schon die dampfenden Sonntags-Kl\u00f6\u00df`!<\/p>\n<p>&nbsp;<\/p>\n<hr \/>\n<h1><\/h1>\n","protected":false},"excerpt":{"rendered":"<p>&nbsp; Es ist gerade Sonntag Morgen und Sie haben noch nichts Konkretes vor. Dann los auf den Berg zum Entla`s Keller. Bis Ende September macht der Fritz Engelhardt\u00a0 jeweils um 11 Uhr seine ber\u00fchmten F\u00fchrungen durch den Erlanger Bierberg, also in den Entla`s und danach in den gigantischen Henninger Keller. Und anschlie\u00dfend warten schon die &hellip; <a href=\"https:\/\/www.erlanger.de\/?page_id=32\" class=\"more-link\"><span class=\"screen-reader-text\">Veranstaltungen<\/span> weiterlesen <span class=\"meta-nav\">&rarr;<\/span><\/a><\/p>\n","protected":false},"author":2,"featured_media":0,"parent":0,"menu_order":0,"comment_status":"closed","ping_status":"closed","template":"","meta":{"ngg_post_thumbnail":0,"footnotes":""},"class_list":["post-32","page","type-page","status-publish","hentry"],"_links":{"self":[{"href":"https:\/\/www.erlanger.de\/index.php?rest_route=\/wp\/v2\/pages\/32","targetHints":{"allow":["GET"]}}],"collection":[{"href":"https:\/\/www.erlanger.de\/index.php?rest_route=\/wp\/v2\/pages"}],"about":[{"href":"https:\/\/www.erlanger.de\/index.php?rest_route=\/wp\/v2\/types\/page"}],"author":[{"embeddable":true,"href":"https:\/\/www.erlanger.de\/index.php?rest_route=\/wp\/v2\/users\/2"}],"replies":[{"embeddable":true,"href":"https:\/\/www.erlanger.de\/index.php?rest_route=%2Fwp%2Fv2%2Fcomments&post=32"}],"version-history":[{"count":34,"href":"https:\/\/www.erlanger.de\/index.php?rest_route=\/wp\/v2\/pages\/32\/revisions"}],"predecessor-version":[{"id":99,"href":"https:\/\/www.erlanger.de\/index.php?rest_route=\/wp\/v2\/pages\/32\/revisions\/99"}],"wp:attachment":[{"href":"https:\/\/www.erlanger.de\/index.php?rest_route=%2Fwp%2Fv2%2Fmedia&parent=32"}],"curies":[{"name":"wp","href":"https:\/\/api.w.org\/{rel}","templated":true}]}}